{"id":2314,"date":"2020-03-11T18:29:49","date_gmt":"2020-03-11T17:29:49","guid":{"rendered":"http:\/\/brasserie-lecasino.be\/la-carte\/"},"modified":"2023-09-04T12:53:30","modified_gmt":"2023-09-04T10:53:30","slug":"kaart","status":"publish","type":"page","link":"https:\/\/brasserie-lecasino.be\/nl\/kaart\/","title":{"rendered":"Kaart"},"content":{"rendered":"<section class=\"wpb-content-wrapper\"><p>[vc_row fullwidth=&#8221;yes&#8221; archi_parallax=&#8221;yes&#8221; el_id=&#8221;home&#8221; css=&#8221;.vc_custom_1584444884769{padding-top: 90px !important;padding-bottom: 0px !important;background-image: url(http:\/\/brasserie-lecasino.be\/wp-content\/uploads\/2020\/03\/header-plats.jpg?id=1890) !important;}&#8221;][vc_column]\t\n\t<!-- Element: OT Home Parallax Image Landing -->\n\t   \n    <div class=\"center-y text-center\">\n    \t \n\t\t\t<div class=\"spacer-double\"><\/div>\n\t\t\n    \t\t        <h1 class=\"title\" >Kaart<\/h1>\n\t     \n\t    \n\t    \t    \t<div class=\"small-border\"><\/div>\n\t    \n                \t\n\t        <span class=\"teaser\" >Restaurant & Brasserie Woluw\u00e9<\/span>\n\t        <div class=\"spacer-double\"><\/div>\n                        \n    <\/div>\n    \n[\/vc_column][\/vc_row][vc_row css=&#8221;.vc_custom_1589809544544{padding-top: 80px !important;}&#8221;][vc_column width=&#8221;1\/2&#8243;][vc_column_text]<div class=\"fmp-container-fluid fmp-wrapper\"><h2 class='category-title'>Voorgerechten<\/h2><div class=\"fmp-row\"><div class='tlp-col-md-12 tlp-col-lg-12 tlp-col-sm-12 fmp-item'><div class='tlp-equal-height fmp-food-item'><div class=\"fmp-content-wrap\"><div class='fmp-title'><h3>Huisgemaakte garnaalkroketten<\/h3><span class=\"price\">20.10\u20ac<\/span><\/div><p><\/p><\/div><\/div><\/div><div class='tlp-col-md-12 tlp-col-lg-12 tlp-col-sm-12 fmp-item'><div class='tlp-equal-height fmp-food-item'><div class=\"fmp-content-wrap\"><div class='fmp-title'><h3>Carpaccio van rund met basilicum en parmesaanschilfers<\/h3><span class=\"price\">17.90\u20ac<\/span><\/div><p><\/p><\/div><\/div><\/div><div class='tlp-col-md-12 tlp-col-lg-12 tlp-col-sm-12 fmp-item'><div class='tlp-equal-height fmp-food-item'><div class=\"fmp-content-wrap\"><div class='fmp-title'><h3>Scampi&#8217;s op Thaise wijze<\/h3><span class=\"price\">18.90\u20ac<\/span><\/div><p><\/p><\/div><\/div><\/div><div class='tlp-col-md-12 tlp-col-lg-12 tlp-col-sm-12 fmp-item'><div class='tlp-equal-height fmp-food-item'><div class=\"fmp-content-wrap\"><div class='fmp-title'><h3>Gefrituurde scampis, tartaarsaus<\/h3><span class=\"price\">19.10\u20ac<\/span><\/div><p><\/p><\/div><\/div><\/div><div class='tlp-col-md-12 tlp-col-lg-12 tlp-col-sm-12 fmp-item'><div class='tlp-equal-height fmp-food-item'><div class=\"fmp-content-wrap\"><div class='fmp-title'><h3>Kaaskroketten van het huis<\/h3><span class=\"price\">16.50\u20ac<\/span><\/div><p><\/p><\/div><\/div><\/div><div class='tlp-col-md-12 tlp-col-lg-12 tlp-col-sm-12 fmp-item'><div class='tlp-equal-height fmp-food-item'><div class=\"fmp-content-wrap\"><div class='fmp-title'><h3>6 Oesters van Ol\u00e9ron<\/h3><span class=\"price\">19.10\u20ac<\/span><\/div><p><\/p><\/div><\/div><\/div><div class='tlp-col-md-12 tlp-col-lg-12 tlp-col-sm-12 fmp-item'><div class='tlp-equal-height fmp-food-item'><div class=\"fmp-content-wrap\"><div class='fmp-title'><h3>Duo van garnaal &#8211; en kaaskrotten<\/h3><span class=\"price\">18.50\u20ac<\/span><\/div><p><\/p><\/div><\/div><\/div><div class='tlp-col-md-12 tlp-col-lg-12 tlp-col-sm-12 fmp-item'><div class='tlp-equal-height fmp-food-item'><div class=\"fmp-content-wrap\"><div class='fmp-title'><h3>Toast met gerookte zalm<\/h3><span class=\"price\">22.90\u20ac<\/span><\/div><p><\/p><\/div><\/div><\/div><div class='tlp-col-md-12 tlp-col-lg-12 tlp-col-sm-12 fmp-item'><div class='tlp-equal-height fmp-food-item'><div class=\"fmp-content-wrap\"><div class='fmp-title'><h3>Mergbeen met zeezout en toast<\/h3><span class=\"price\">16.90\u20ac<\/span><\/div><p><\/p><\/div><\/div><\/div><\/div><\/div>[\/vc_column_text][\/vc_column][vc_column width=&#8221;1\/2&#8243;][vc_column_text]<div class=\"fmp-container-fluid fmp-wrapper\"><h2 class='category-title'>Salades en koude schotels<\/h2><div class=\"fmp-row\"><div class='tlp-col-md-12 tlp-col-lg-12 tlp-col-sm-12 fmp-item'><div class='tlp-equal-height fmp-food-item'><div class=\"fmp-content-wrap\"><div class='fmp-title'><h3>Am\u00e9ricain natuur of bereid<\/h3><span class=\"price\">23.00\u20ac<\/span><\/div><p><\/p><\/div><\/div><\/div><div class='tlp-col-md-12 tlp-col-lg-12 tlp-col-sm-12 fmp-item'><div class='tlp-equal-height fmp-food-item'><div class=\"fmp-content-wrap\"><div class='fmp-title'><h3>Tomaat met grijze garnalen (2 stuks) Dagprijs<\/h3><span class=\"price\">0.00\u20ac<\/span><\/div><p><\/p><\/div><\/div><\/div><div class='tlp-col-md-12 tlp-col-lg-12 tlp-col-sm-12 fmp-item'><div class='tlp-equal-height fmp-food-item'><div class=\"fmp-content-wrap\"><div class='fmp-title'><h3>Salade van geitenkaas met tijm<\/h3><span class=\"price\">15.60\u20ac<\/span><\/div><p>Voorgerecht<\/p><\/div><\/div><\/div><div class='tlp-col-md-12 tlp-col-lg-12 tlp-col-sm-12 fmp-item'><div class='tlp-equal-height fmp-food-item'><div class=\"fmp-content-wrap\"><div class='fmp-title'><h3>Salade van geitenkaas met tijm<\/h3><span class=\"price\">18.90\u20ac<\/span><\/div><p>Hoofdschotel<\/p><\/div><\/div><\/div><div class='tlp-col-md-12 tlp-col-lg-12 tlp-col-sm-12 fmp-item'><div class='tlp-equal-height fmp-food-item'><div class=\"fmp-content-wrap\"><div class='fmp-title'><h3>Salade van scampi&#8217;s en taboul\u00e9 met gegrilde groenten en verse munt (voorgerecht)<\/h3><span class=\"price\">16.40\u20ac<\/span><\/div><p><\/p><\/div><\/div><\/div><div class='tlp-col-md-12 tlp-col-lg-12 tlp-col-sm-12 fmp-item'><div class='tlp-equal-height fmp-food-item'><div class=\"fmp-content-wrap\"><div class='fmp-title'><h3>Salade van scampi&#8217;s en taboul\u00e9 met gegrilde groenten en verse munt (hoofdschotel)<\/h3><span class=\"price\">19.40\u20ac<\/span><\/div><p><\/p><\/div><\/div><\/div><\/div><\/div>[\/vc_column_text][\/vc_column][\/vc_row][vc_row][vc_column width=&#8221;1\/2&#8243;][vc_column_text]<div class=\"fmp-container-fluid fmp-wrapper\"><h2 class='category-title'>Vis<\/h2><div class=\"fmp-row\"><div class='tlp-col-md-12 tlp-col-lg-12 tlp-col-sm-12 fmp-item'><div class='tlp-equal-height fmp-food-item'><div class=\"fmp-content-wrap\"><div class='fmp-title'><h3>Duo van zeetongetjes \u00ab meuni\u00e8res \u00bb<\/h3><span class=\"price\">28.90\u20ac<\/span><\/div><p><\/p><\/div><\/div><\/div><div class='tlp-col-md-12 tlp-col-lg-12 tlp-col-sm-12 fmp-item'><div class='tlp-equal-height fmp-food-item'><div class=\"fmp-content-wrap\"><div class='fmp-title'><h3>Zalmmoot met honing en limoen<\/h3><span class=\"price\">25.40\u20ac<\/span><\/div><p><\/p><\/div><\/div><\/div><div class='tlp-col-md-12 tlp-col-lg-12 tlp-col-sm-12 fmp-item'><div class='tlp-equal-height fmp-food-item'><div class=\"fmp-content-wrap\"><div class='fmp-title'><h3>Mooi stuk kabeljauw witter boter met bieslook<\/h3><span class=\"price\">31.10\u20ac<\/span><\/div><p><\/p><\/div><\/div><\/div><div class='tlp-col-md-12 tlp-col-lg-12 tlp-col-sm-12 fmp-item'><div class='tlp-equal-height fmp-food-item'><div class=\"fmp-content-wrap\"><div class='fmp-title'><h3>Kabeljauwhaasje met verse tomaten,<\/h3><span class=\"price\">31.10\u20ac<\/span><\/div><p>mosterd op oudere wijzen, basilicum boter<\/p><\/div><\/div><\/div><div class='tlp-col-md-12 tlp-col-lg-12 tlp-col-sm-12 fmp-item'><div class='tlp-equal-height fmp-food-item'><div class=\"fmp-content-wrap\"><div class='fmp-title'><h3>Gebakken zeebaarsfilet,<\/h3><span class=\"price\">26.10\u20ac<\/span><\/div><p>puree met raketsla en zongedroogde tomaatjes, krokantje van parmezaan<\/p><\/div><\/div><\/div><\/div><\/div>[\/vc_column_text][vc_column_text]<div class=\"fmp-container-fluid fmp-wrapper\"><h2 class='category-title'>Mosselen (1kg200) in seizoen, dagprijs<\/h2><div class=\"fmp-row\"><div class='tlp-col-md-12 tlp-col-lg-12 tlp-col-sm-12 fmp-item'><div class='tlp-equal-height fmp-food-item'><div class=\"fmp-content-wrap\"><div class='fmp-title'><h3>Mosselen Marini\u00e8res<\/h3><span class=\"price\">0.00\u20ac<\/span><\/div><p><\/p><\/div><\/div><\/div><div class='tlp-col-md-12 tlp-col-lg-12 tlp-col-sm-12 fmp-item'><div class='tlp-equal-height fmp-food-item'><div class=\"fmp-content-wrap\"><div class='fmp-title'><h3>Mosselen witte wijn<\/h3><span class=\"price\">0.00\u20ac<\/span><\/div><p><\/p><\/div><\/div><\/div><div class='tlp-col-md-12 tlp-col-lg-12 tlp-col-sm-12 fmp-item'><div class='tlp-equal-height fmp-food-item'><div class=\"fmp-content-wrap\"><div class='fmp-title'><h3>Mosselen witte wijn en room<\/h3><span class=\"price\">0.00\u20ac<\/span><\/div><p><\/p><\/div><\/div><\/div><div class='tlp-col-md-12 tlp-col-lg-12 tlp-col-sm-12 fmp-item'><div class='tlp-equal-height fmp-food-item'><div class=\"fmp-content-wrap\"><div class='fmp-title'><h3>Mosselen room en look<\/h3><span class=\"price\">0.00\u20ac<\/span><\/div><p><\/p><\/div><\/div><\/div><div class='tlp-col-md-12 tlp-col-lg-12 tlp-col-sm-12 fmp-item'><div class='tlp-equal-height fmp-food-item'><div class=\"fmp-content-wrap\"><div class='fmp-title'><h3>Mosselen Provencaals<\/h3><span class=\"price\">0.00\u20ac<\/span><\/div><p><\/p><\/div><\/div><\/div><div class='tlp-col-md-12 tlp-col-lg-12 tlp-col-sm-12 fmp-item'><div class='tlp-equal-height fmp-food-item'><div class=\"fmp-content-wrap\"><div class='fmp-title'><h3>Mosselen Thaise curry<\/h3><span class=\"price\">0.00\u20ac<\/span><\/div><p><\/p><\/div><\/div><\/div><div class='tlp-col-md-12 tlp-col-lg-12 tlp-col-sm-12 fmp-item'><div class='tlp-equal-height fmp-food-item'><div class=\"fmp-content-wrap\"><div class='fmp-title'><h3>Of zoals u het zelf kiest<\/h3><span class=\"price\">0.00\u20ac<\/span><\/div><p><\/p><\/div><\/div><\/div><\/div><\/div>[\/vc_column_text][\/vc_column][vc_column width=&#8221;1\/2&#8243;][vc_column_text]<div class=\"fmp-container-fluid fmp-wrapper\"><h2 class='category-title'>Vlees en gevogelte<\/h2><div class=\"fmp-row\"><div class='tlp-col-md-12 tlp-col-lg-12 tlp-col-sm-12 fmp-item'><div class='tlp-equal-height fmp-food-item'><div class=\"fmp-content-wrap\"><div class='fmp-title'><h3>Huisgemaakt koninginnehapje<\/h3><span class=\"price\">22.90\u20ac<\/span><\/div><p><\/p><\/div><\/div><\/div><div class='tlp-col-md-12 tlp-col-lg-12 tlp-col-sm-12 fmp-item'><div class='tlp-equal-height fmp-food-item'><div class=\"fmp-content-wrap\"><div class='fmp-title'><h3>Gegrilde Argentijns Cuberoll<\/h3><span class=\"price\">31.80\u20ac<\/span><\/div><p><\/p><\/div><\/div><\/div><div class='tlp-col-md-12 tlp-col-lg-12 tlp-col-sm-12 fmp-item'><div class='tlp-equal-height fmp-food-item'><div class=\"fmp-content-wrap\"><div class='fmp-title'><h3>Gegrilde pav\u00e9 van rundsvlees<\/h3><span class=\"price\">23.80\u20ac<\/span><\/div><p><\/p><\/div><\/div><\/div><div class='tlp-col-md-12 tlp-col-lg-12 tlp-col-sm-12 fmp-item'><div class='tlp-equal-height fmp-food-item'><div class=\"fmp-content-wrap\"><div class='fmp-title'><h3>Hamburger \u00ab Casino \u00bb<\/h3><span class=\"price\">20.50\u20ac<\/span><\/div><p><\/p><\/div><\/div><\/div><div class='tlp-col-md-12 tlp-col-lg-12 tlp-col-sm-12 fmp-item'><div class='tlp-equal-height fmp-food-item'><div class=\"fmp-content-wrap\"><div class='fmp-title'><h3>Kalfsniertjes met mosterd op oude wijze<\/h3><span class=\"price\">24.90\u20ac<\/span><\/div><p><\/p><\/div><\/div><\/div><div class='tlp-col-md-12 tlp-col-lg-12 tlp-col-sm-12 fmp-item'><div class='tlp-equal-height fmp-food-item'><div class=\"fmp-content-wrap\"><div class='fmp-title'><h3>Kalfsschnitzel &#8220;milanaise&#8221;<\/h3><span class=\"price\">23.40\u20ac<\/span><\/div><p><\/p><\/div><\/div><\/div><div class='tlp-col-md-12 tlp-col-lg-12 tlp-col-sm-12 fmp-item'><div class='tlp-equal-height fmp-food-item'><div class=\"fmp-content-wrap\"><div class='fmp-title'><h3>Stoemp van de dag, boerenworst<\/h3><span class=\"price\">20.40\u20ac<\/span><\/div><p><\/p><\/div><\/div><\/div><div class='tlp-col-md-12 tlp-col-lg-12 tlp-col-sm-12 fmp-item'><div class='tlp-equal-height fmp-food-item'><div class=\"fmp-content-wrap\"><div class='fmp-title'><h3>&#8220;Huismemaakt&#8221; cordon bleu&#8221; met champignonsaus<\/h3><span class=\"price\">24.90\u20ac<\/span><\/div><p><\/p><\/div><\/div><\/div><div class='tlp-col-md-12 tlp-col-lg-12 tlp-col-sm-12 fmp-item'><div class='tlp-equal-height fmp-food-item'><div class=\"fmp-content-wrap\"><div class='fmp-title'><h3>Onze sauzen voor het vlees<\/h3><span class=\"price\">3.80\u20ac<\/span><\/div><p>B\u00e9arnaise, Groene peper, Archiduc, Proven\u00e7aal, Roquefort, Choron, Sjalotten, Beurre Ma\u00eetre d&#8217;H\u00f4tel (per portie)<\/p><\/div><\/div><\/div><div class='tlp-col-md-12 tlp-col-lg-12 tlp-col-sm-12 fmp-item'><div class='tlp-equal-height fmp-food-item'><div class=\"fmp-content-wrap\"><div class='fmp-title'><h3>Mayonnaise &#8220;van het huis&#8221;<\/h3><span class=\"price\">1.50\u20ac<\/span><\/div><p>(Per portie)<\/p><\/div><\/div><\/div><\/div><\/div>[\/vc_column_text][\/vc_column][\/vc_row][vc_row][vc_column width=&#8221;1\/2&#8243;][vc_column_text]<div class=\"fmp-container-fluid fmp-wrapper\"><h2 class='category-title'>Schotels voor de kleintjes 14\u20ac<\/h2><div class=\"fmp-row\"><div class='tlp-col-md-12 tlp-col-lg-12 tlp-col-sm-12 fmp-item'><div class='tlp-equal-height fmp-food-item'><div class=\"fmp-content-wrap\"><div class='fmp-title'><h3>Mosselen junior (seizoen) +2.50\u20ac<\/h3><span class=\"price\">0.00\u20ac<\/span><\/div><p><\/p><\/div><\/div><\/div><div class='tlp-col-md-12 tlp-col-lg-12 tlp-col-sm-12 fmp-item'><div class='tlp-equal-height fmp-food-item'><div class=\"fmp-content-wrap\"><div class='fmp-title'><h3>Hamburger junior<\/h3><span class=\"price\">0.00\u20ac<\/span><\/div><p><\/p><\/div><\/div><\/div><div class='tlp-col-md-12 tlp-col-lg-12 tlp-col-sm-12 fmp-item'><div class='tlp-equal-height fmp-food-item'><div class=\"fmp-content-wrap\"><div class='fmp-title'><h3>Junior koninginnehapje<\/h3><span class=\"price\">0.00\u20ac<\/span><\/div><p><\/p><\/div><\/div><\/div><div class='tlp-col-md-12 tlp-col-lg-12 tlp-col-sm-12 fmp-item'><div class='tlp-equal-height fmp-food-item'><div class=\"fmp-content-wrap\"><div class='fmp-title'><h3>Junior stoemp (1 worst)<\/h3><span class=\"price\">0.00\u20ac<\/span><\/div><p><\/p><\/div><\/div><\/div><div class='tlp-col-md-12 tlp-col-lg-12 tlp-col-sm-12 fmp-item'><div class='tlp-equal-height fmp-food-item'><div class=\"fmp-content-wrap\"><div class='fmp-title'><h3>Spaghetti bolognaise \/ hesp<\/h3><span class=\"price\">0.00\u20ac<\/span><\/div><p><\/p><\/div><\/div><\/div><div class='tlp-col-md-12 tlp-col-lg-12 tlp-col-sm-12 fmp-item'><div class='tlp-equal-height fmp-food-item'><div class=\"fmp-content-wrap\"><div class='fmp-title'><h3>Dagvis<\/h3><span class=\"price\">0.00\u20ac<\/span><\/div><p><\/p><\/div><\/div><\/div><\/div><\/div>[\/vc_column_text][\/vc_column][vc_column width=&#8221;1\/2&#8243;][vc_column_text]<div class=\"fmp-container-fluid fmp-wrapper\"><h2 class='category-title'>Vegetarische schotels<\/h2><div class=\"fmp-row\"><div class='tlp-col-md-12 tlp-col-lg-12 tlp-col-sm-12 fmp-item'><div class='tlp-equal-height fmp-food-item'><div class=\"fmp-content-wrap\"><div class='fmp-title'><h3>Gevulde aubergine met champignons en paprika&#8217;s tomaten en basilicum, gegratineerde mozzarella<\/h3><span class=\"price\">21.90\u20ac<\/span><\/div><p>Hoofdschotel<\/p><\/div><\/div><\/div><div class='tlp-col-md-12 tlp-col-lg-12 tlp-col-sm-12 fmp-item'><div class='tlp-equal-height fmp-food-item'><div class=\"fmp-content-wrap\"><div class='fmp-title'><h3>Vegetarische Burger<\/h3><span class=\"price\">20.50\u20ac<\/span><\/div><p><\/p><\/div><\/div><\/div><\/div><\/div>[\/vc_column_text][\/vc_column][\/vc_row][vc_row css=&#8221;.vc_custom_1589963155644{padding-bottom: 80px !important;}&#8221;][vc_column width=&#8221;1\/2&#8243;][vc_column_text]<div class=\"fmp-container-fluid fmp-wrapper\"><h2 class='category-title'>Nagerechtenkaart<\/h2><div class=\"fmp-row\"><div class='tlp-col-md-12 tlp-col-lg-12 tlp-col-sm-12 fmp-item'><div class='tlp-equal-height fmp-food-item'><div class=\"fmp-content-wrap\"><div class='fmp-title'><h3>Belgische chocolademousse<\/h3><span class=\"price\">9.00\u20ac<\/span><\/div><p><\/p><\/div><\/div><\/div><div class='tlp-col-md-12 tlp-col-lg-12 tlp-col-sm-12 fmp-item'><div class='tlp-equal-height fmp-food-item'><div class=\"fmp-content-wrap\"><div class='fmp-title'><h3>Cr\u00e8me br\u00fbl\u00e9e<\/h3><span class=\"price\">9.90\u20ac<\/span><\/div><p><\/p><\/div><\/div><\/div><div class='tlp-col-md-12 tlp-col-lg-12 tlp-col-sm-12 fmp-item'><div class='tlp-equal-height fmp-food-item'><div class=\"fmp-content-wrap\"><div class='fmp-title'><h3>Moelleux van chocolade<\/h3><span class=\"price\">10.50\u20ac<\/span><\/div><p><\/p><\/div><\/div><\/div><div class='tlp-col-md-12 tlp-col-lg-12 tlp-col-sm-12 fmp-item'><div class='tlp-equal-height fmp-food-item'><div class=\"fmp-content-wrap\"><div class='fmp-title'><h3>Verse fruitcoupe<\/h3><span class=\"price\">9.90\u20ac<\/span><\/div><p><\/p><\/div><\/div><\/div><div class='tlp-col-md-12 tlp-col-lg-12 tlp-col-sm-12 fmp-item'><div class='tlp-equal-height fmp-food-item'><div class=\"fmp-content-wrap\"><div class='fmp-title'><h3>Ijsprofiteroles<\/h3><span class=\"price\">9.60\u20ac<\/span><\/div><p><\/p><\/div><\/div><\/div><div class='tlp-col-md-12 tlp-col-lg-12 tlp-col-sm-12 fmp-item'><div class='tlp-equal-height fmp-food-item'><div class=\"fmp-content-wrap\"><div class='fmp-title'><h3>Ijsnougat met frambozencoulis<\/h3><span class=\"price\">10.50\u20ac<\/span><\/div><p><\/p><\/div><\/div><\/div><div class='tlp-col-md-12 tlp-col-lg-12 tlp-col-sm-12 fmp-item'><div class='tlp-equal-height fmp-food-item'><div class=\"fmp-content-wrap\"><div class='fmp-title'><h3>Appeltaart met bolletje vanilleijs<\/h3><span class=\"price\">12.00\u20ac<\/span><\/div><p><\/p><\/div><\/div><\/div><\/div><\/div>[\/vc_column_text][\/vc_column][vc_column width=&#8221;1\/2&#8243;][vc_column_text]<div class=\"fmp-container-fluid fmp-wrapper\"><h2 class='category-title'>Ijs<\/h2><div class=\"fmp-row\"><div class='tlp-col-md-12 tlp-col-lg-12 tlp-col-sm-12 fmp-item'><div class='tlp-equal-height fmp-food-item'><div class=\"fmp-content-wrap\"><div class='fmp-title'><h3>Caf\u00e9 Glac\u00e9<\/h3><span class=\"price\">9.90\u20ac<\/span><\/div><p><\/p><\/div><\/div><\/div><div class='tlp-col-md-12 tlp-col-lg-12 tlp-col-sm-12 fmp-item'><div class='tlp-equal-height fmp-food-item'><div class=\"fmp-content-wrap\"><div class='fmp-title'><h3>Tranche Milanaise<\/h3><span class=\"price\">9.90\u20ac<\/span><\/div><p><\/p><\/div><\/div><\/div><div class='tlp-col-md-12 tlp-col-lg-12 tlp-col-sm-12 fmp-item'><div class='tlp-equal-height fmp-food-item'><div class=\"fmp-content-wrap\"><div class='fmp-title'><h3>Dame Blanche<\/h3><span class=\"price\">9.90\u20ac<\/span><\/div><p>vanille, warme chocolade en slagroom<\/p><\/div><\/div><\/div><div class='tlp-col-md-12 tlp-col-lg-12 tlp-col-sm-12 fmp-item'><div class='tlp-equal-height fmp-food-item'><div class=\"fmp-content-wrap\"><div class='fmp-title'><h3>Br\u00e9silienne<\/h3><span class=\"price\">9.90\u20ac<\/span><\/div><p>vanille, moka, noisette, caramel en slagroom<\/p><\/div><\/div><\/div><div class='tlp-col-md-12 tlp-col-lg-12 tlp-col-sm-12 fmp-item'><div class='tlp-equal-height fmp-food-item'><div class=\"fmp-content-wrap\"><div class='fmp-title'><h3>Coupe Royale<\/h3><span class=\"price\">11.00\u20ac<\/span><\/div><p>vanille, vers fruit en slagroom<\/p><\/div><\/div><\/div><div class='tlp-col-md-12 tlp-col-lg-12 tlp-col-sm-12 fmp-item'><div class='tlp-equal-height fmp-food-item'><div class=\"fmp-content-wrap\"><div class='fmp-title'><h3>Coupe Advocaat &#8216;van&#8217;t huis&#8217;<\/h3><span class=\"price\">11.00\u20ac<\/span><\/div><p><\/p><\/div><\/div><\/div><div class='tlp-col-md-12 tlp-col-lg-12 tlp-col-sm-12 fmp-item'><div class='tlp-equal-height fmp-food-item'><div class=\"fmp-content-wrap\"><div class='fmp-title'><h3>Baiser du Casino<\/h3><span class=\"price\">12.00\u20ac<\/span><\/div><p>meringue, vanille, vers fruit, siroop en slagroom<\/p><\/div><\/div><\/div><div class='tlp-col-md-12 tlp-col-lg-12 tlp-col-sm-12 fmp-item'><div class='tlp-equal-height fmp-food-item'><div class=\"fmp-content-wrap\"><div class='fmp-title'><h3>Milk-Shake<\/h3><span class=\"price\">8.00\u20ac<\/span><\/div><p>vanille, moka, aardbei, chocolade of mokka<\/p><\/div><\/div><\/div><div class='tlp-col-md-12 tlp-col-lg-12 tlp-col-sm-12 fmp-item'><div class='tlp-equal-height fmp-food-item'><div class=\"fmp-content-wrap\"><div class='fmp-title'><h3>Coupe Colonel<\/h3><span class=\"price\">11.00\u20ac<\/span><\/div><p><\/p><\/div><\/div><\/div><div class='tlp-col-md-12 tlp-col-lg-12 tlp-col-sm-12 fmp-item'><div class='tlp-equal-height fmp-food-item'><div class=\"fmp-content-wrap\"><div class='fmp-title'><h3>Triologie van Sorbets<\/h3><span class=\"price\">9.60\u20ac<\/span><\/div><p><\/p><\/div><\/div><\/div><div class='tlp-col-md-12 tlp-col-lg-12 tlp-col-sm-12 fmp-item'><div class='tlp-equal-height fmp-food-item'><div class=\"fmp-content-wrap\"><div class='fmp-title'><h3>Kindercoupe<\/h3><span class=\"price\">7.00\u20ac<\/span><\/div><p>2 bolletjes ijs, smaak naar keuze<\/p><\/div><\/div><\/div><div class='tlp-col-md-12 tlp-col-lg-12 tlp-col-sm-12 fmp-item'><div class='tlp-equal-height fmp-food-item'><div class=\"fmp-content-wrap\"><div class='fmp-title'><h3>Supplement slagroom &#8220;van het huis&#8221;<\/h3><span class=\"price\">2.50\u20ac<\/span><\/div><p><\/p><\/div><\/div><\/div><\/div><\/div>[\/vc_column_text][\/vc_column][\/vc_row]<\/p>\n<\/section>","protected":false},"excerpt":{"rendered":"<p>[vc_row fullwidth=&#8221;yes&#8221; archi_parallax=&#8221;yes&#8221; el_id=&#8221;home&#8221; css=&#8221;.vc_custom_1584444884769{padding-top: 90px !important;padding-bottom: 0px !important;background-image: url(http:\/\/brasserie-lecasino.be\/wp-content\/uploads\/2020\/03\/header-plats.jpg?id=1890) !important;}&#8221;][vc_column][\/vc_column][\/vc_row][vc_row css=&#8221;.vc_custom_1589809544544{padding-top: 80px !important;}&#8221;][vc_column width=&#8221;1\/2&#8243;][vc_column_text][\/vc_column_text][\/vc_column][vc_column width=&#8221;1\/2&#8243;][vc_column_text][\/vc_column_text][\/vc_column][\/vc_row][vc_row][vc_column width=&#8221;1\/2&#8243;][vc_column_text][\/vc_column_text][vc_column_text][\/vc_column_text][\/vc_column][vc_column width=&#8221;1\/2&#8243;][vc_column_text][\/vc_column_text][\/vc_column][\/vc_row][vc_row][vc_column width=&#8221;1\/2&#8243;][vc_column_text][\/vc_column_text][\/vc_column][vc_column width=&#8221;1\/2&#8243;][vc_column_text][\/vc_column_text][\/vc_column][\/vc_row][vc_row css=&#8221;.vc_custom_1589963155644{padding-bottom: 80px !important;}&#8221;][vc_column width=&#8221;1\/2&#8243;][vc_column_text][\/vc_column_text][\/vc_column][vc_column width=&#8221;1\/2&#8243;][vc_column_text][\/vc_column_text][\/vc_column][\/vc_row]<\/p>\n","protected":false},"author":1,"featured_media":0,"parent":0,"menu_order":0,"comment_status":"closed","ping_status":"closed","template":"page-templates\/template-canvas.php","meta":{"footnotes":""},"class_list":["post-2314","page","type-page","status-publish","hentry"],"_links":{"self":[{"href":"https:\/\/brasserie-lecasino.be\/nl\/wp-json\/wp\/v2\/pages\/2314","targetHints":{"allow":["GET"]}}],"collection":[{"href":"https:\/\/brasserie-lecasino.be\/nl\/wp-json\/wp\/v2\/pages"}],"about":[{"href":"https:\/\/brasserie-lecasino.be\/nl\/wp-json\/wp\/v2\/types\/page"}],"author":[{"embeddable":true,"href":"https:\/\/brasserie-lecasino.be\/nl\/wp-json\/wp\/v2\/users\/1"}],"replies":[{"embeddable":true,"href":"https:\/\/brasserie-lecasino.be\/nl\/wp-json\/wp\/v2\/comments?post=2314"}],"version-history":[{"count":10,"href":"https:\/\/brasserie-lecasino.be\/nl\/wp-json\/wp\/v2\/pages\/2314\/revisions"}],"predecessor-version":[{"id":2672,"href":"https:\/\/brasserie-lecasino.be\/nl\/wp-json\/wp\/v2\/pages\/2314\/revisions\/2672"}],"wp:attachment":[{"href":"https:\/\/brasserie-lecasino.be\/nl\/wp-json\/wp\/v2\/media?parent=2314"}],"curies":[{"name":"wp","href":"https:\/\/api.w.org\/{rel}","templated":true}]}}